{"id":3948,"date":"2023-03-08T11:09:45","date_gmt":"2023-03-08T11:09:45","guid":{"rendered":"https:\/\/magosasl.es\/blog\/?page_id=3948"},"modified":"2023-03-08T15:09:49","modified_gmt":"2023-03-08T15:09:49","slug":"blog","status":"publish","type":"page","link":"https:\/\/magosasl.es\/blog\/","title":{"rendered":"blog"},"content":{"rendered":"\t\t<div data-elementor-type=\"wp-page\" data-elementor-id=\"3948\" class=\"elementor elementor-3948\">\n\t\t\t\t\t\t\t\t\t<section data-particle_enable=\"false\" data-particle-mobile-disabled=\"false\" class=\"elementor-section elementor-top-section elementor-element elementor-element-47582a3 elementor-section-boxed elementor-section-height-default elementor-section-height-default\" data-id=\"47582a3\" data-element_type=\"section\">\n\t\t\t\t\t\t<div class=\"elementor-container elementor-column-gap-default\">\n\t\t\t\t\t<div class=\"elementor-column elementor-col-100 elementor-top-column elementor-element elementor-element-ca256f6\" data-id=\"ca256f6\" data-element_type=\"column\">\n\t\t\t<div class=\"elementor-widget-wrap elementor-element-populated\">\n\t\t\t\t\t\t\t\t<div class=\"elementor-element elementor-element-828c0a0 elementor-widget elementor-widget-spacer\" data-id=\"828c0a0\" data-element_type=\"widget\" data-widget_type=\"spacer.default\">\n\t\t\t\t<div class=\"elementor-widget-container\">\n\t\t\t<style>\/*! elementor - v3.13.2 - 11-05-2023 *\/\n.elementor-column .elementor-spacer-inner{height:var(--spacer-size)}.e-con{--container-widget-width:100%}.e-con-inner>.elementor-widget-spacer,.e-con>.elementor-widget-spacer{width:var(--container-widget-width,var(--spacer-size));--align-self:var(--container-widget-align-self,initial);--flex-shrink:0}.e-con-inner>.elementor-widget-spacer>.elementor-widget-container,.e-con-inner>.elementor-widget-spacer>.elementor-widget-container>.elementor-spacer,.e-con>.elementor-widget-spacer>.elementor-widget-container,.e-con>.elementor-widget-spacer>.elementor-widget-container>.elementor-spacer{height:100%}.e-con-inner>.elementor-widget-spacer>.elementor-widget-container>.elementor-spacer>.elementor-spacer-inner,.e-con>.elementor-widget-spacer>.elementor-widget-container>.elementor-spacer>.elementor-spacer-inner{height:var(--container-widget-height,var(--spacer-size))}<\/style>\t\t<div class=\"elementor-spacer\">\n\t\t\t<div class=\"elementor-spacer-inner\"><\/div>\n\t\t<\/div>\n\t\t\t\t<\/div>\n\t\t\t\t<\/div>\n\t\t\t\t\t<\/div>\n\t\t<\/div>\n\t\t\t\t\t\t\t<\/div>\n\t\t<\/section>\n\t\t\t\t<section data-particle_enable=\"false\" data-particle-mobile-disabled=\"false\" class=\"elementor-section elementor-top-section elementor-element elementor-element-5e9d6f0 elementor-section-boxed elementor-section-height-default elementor-section-height-default\" data-id=\"5e9d6f0\" data-element_type=\"section\">\n\t\t\t\t\t\t<div class=\"elementor-container elementor-column-gap-default\">\n\t\t\t\t\t<div class=\"elementor-column elementor-col-100 elementor-top-column elementor-element elementor-element-483f015\" data-id=\"483f015\" data-element_type=\"column\">\n\t\t\t<div class=\"elementor-widget-wrap elementor-element-populated\">\n\t\t\t\t\t\t\t\t<div class=\"elementor-element elementor-element-76e9bd3 elementor-widget-mobile__width-inherit elementor-grid-3 elementor-grid-tablet-2 elementor-grid-mobile-1 elementor-posts--thumbnail-top elementor-widget elementor-widget-posts\" data-id=\"76e9bd3\" data-element_type=\"widget\" data-settings=\"{&quot;pagination_type&quot;:&quot;numbers_and_prev_next&quot;,&quot;classic_columns&quot;:&quot;3&quot;,&quot;classic_columns_tablet&quot;:&quot;2&quot;,&quot;classic_columns_mobile&quot;:&quot;1&quot;,&quot;classic_row_gap&quot;:{&quot;unit&quot;:&quot;px&quot;,&quot;size&quot;:35,&quot;sizes&quot;:[]},&quot;classic_row_gap_tablet&quot;:{&quot;unit&quot;:&quot;px&quot;,&quot;size&quot;:&quot;&quot;,&quot;sizes&quot;:[]},&quot;classic_row_gap_mobile&quot;:{&quot;unit&quot;:&quot;px&quot;,&quot;size&quot;:&quot;&quot;,&quot;sizes&quot;:[]}}\" data-widget_type=\"posts.classic\">\n\t\t\t\t<div class=\"elementor-widget-container\">\n\t\t\t<link rel=\"stylesheet\" href=\"https:\/\/magosasl.es\/blog\/wp-content\/plugins\/elementor-pro\/assets\/css\/widget-posts.min.css\">\t\t<div class=\"elementor-posts-container elementor-posts elementor-posts--skin-classic elementor-grid\">\n\t\t\t\t<article class=\"elementor-post elementor-grid-item post-4131 post type-post status-publish format-standard has-post-thumbnail hentry category-sin-categoria\">\n\t\t\t\t<a class=\"elementor-post__thumbnail__link\" href=\"https:\/\/magosasl.es\/blog\/2024\/07\/09\/todo-lo-que-necesitas-saber-sobre-las-puertas-de-aluminio-para-exterior\/\" >\n\t\t\t<div class=\"elementor-post__thumbnail\"><img loading=\"lazy\" decoding=\"async\" width=\"300\" height=\"80\" src=\"https:\/\/magosasl.es\/blog\/wp-content\/uploads\/2014\/10\/corten1-300x80.jpg\" class=\"attachment-medium size-medium wp-image-1311\" alt=\"\" srcset=\"https:\/\/magosasl.es\/blog\/wp-content\/uploads\/2014\/10\/corten1-300x80.jpg 300w, https:\/\/magosasl.es\/blog\/wp-content\/uploads\/2014\/10\/corten1-1024x273.jpg 1024w, https:\/\/magosasl.es\/blog\/wp-content\/uploads\/2014\/10\/corten1-768x204.jpg 768w, https:\/\/magosasl.es\/blog\/wp-content\/uploads\/2014\/10\/corten1.jpg 1187w\" sizes=\"(max-width: 300px) 100vw, 300px\" \/><\/div>\n\t\t<\/a>\n\t\t\t\t<div class=\"elementor-post__text\">\n\t\t\t\t<h3 class=\"elementor-post__title\">\n\t\t\t<a href=\"https:\/\/magosasl.es\/blog\/2024\/07\/09\/todo-lo-que-necesitas-saber-sobre-las-puertas-de-aluminio-para-exterior\/\" >\n\t\t\t\tTodo lo que necesitas saber sobre las puertas de aluminio para exterior\t\t\t<\/a>\n\t\t<\/h3>\n\t\t\t\t<div class=\"elementor-post__meta-data\">\n\t\t\t\t\t<span class=\"elementor-post-date\">\n\t\t\t9 de julio de 2024\t\t<\/span>\n\t\t\t\t<span class=\"elementor-post-avatar\">\n\t\t\tNo hay comentarios\t\t<\/span>\n\t\t\t\t<\/div>\n\t\t\t\t<div class=\"elementor-post__excerpt\">\n\t\t\t<p>Las puertas de aluminio para exterior son una opci\u00f3n excelente para quienes buscan durabilidad, estilo y funcionalidad en una sola soluci\u00f3n. Este art\u00edculo te proporcionar\u00e1<\/p>\n\t\t<\/div>\n\t\t\n\t\t<a class=\"elementor-post__read-more\" href=\"https:\/\/magosasl.es\/blog\/2024\/07\/09\/todo-lo-que-necesitas-saber-sobre-las-puertas-de-aluminio-para-exterior\/\" aria-label=\"Read more about Todo lo que necesitas saber sobre las puertas de aluminio para exterior\" >\n\t\t\tLEER M\u00c1S.\t\t<\/a>\n\n\t\t\t\t<\/div>\n\t\t\t\t<\/article>\n\t\t\t\t<article class=\"elementor-post elementor-grid-item post-4129 post type-post status-publish format-standard has-post-thumbnail hentry category-sin-categoria\">\n\t\t\t\t<a class=\"elementor-post__thumbnail__link\" href=\"https:\/\/magosasl.es\/blog\/2024\/07\/09\/normativa-para-las-puertas-de-entrada-a-viviendas\/\" >\n\t\t\t<div class=\"elementor-post__thumbnail\"><img loading=\"lazy\" decoding=\"async\" width=\"300\" height=\"96\" src=\"https:\/\/magosasl.es\/blog\/wp-content\/uploads\/2014\/10\/fachadas-300x96.jpg\" class=\"attachment-medium size-medium wp-image-1313\" alt=\"\" srcset=\"https:\/\/magosasl.es\/blog\/wp-content\/uploads\/2014\/10\/fachadas-300x96.jpg 300w, https:\/\/magosasl.es\/blog\/wp-content\/uploads\/2014\/10\/fachadas-1024x329.jpg 1024w, https:\/\/magosasl.es\/blog\/wp-content\/uploads\/2014\/10\/fachadas-768x247.jpg 768w, https:\/\/magosasl.es\/blog\/wp-content\/uploads\/2014\/10\/fachadas-1536x493.jpg 1536w, https:\/\/magosasl.es\/blog\/wp-content\/uploads\/2014\/10\/fachadas-2048x657.jpg 2048w\" sizes=\"(max-width: 300px) 100vw, 300px\" \/><\/div>\n\t\t<\/a>\n\t\t\t\t<div class=\"elementor-post__text\">\n\t\t\t\t<h3 class=\"elementor-post__title\">\n\t\t\t<a href=\"https:\/\/magosasl.es\/blog\/2024\/07\/09\/normativa-para-las-puertas-de-entrada-a-viviendas\/\" >\n\t\t\t\tNormativa para las puertas de entrada a viviendas\t\t\t<\/a>\n\t\t<\/h3>\n\t\t\t\t<div class=\"elementor-post__meta-data\">\n\t\t\t\t\t<span class=\"elementor-post-date\">\n\t\t\t9 de julio de 2024\t\t<\/span>\n\t\t\t\t<span class=\"elementor-post-avatar\">\n\t\t\tNo hay comentarios\t\t<\/span>\n\t\t\t\t<\/div>\n\t\t\t\t<div class=\"elementor-post__excerpt\">\n\t\t\t<p>Las puertas de entrada a viviendas son un componente importante para garantizar la seguridad, la accesibilidad y el confort en el hogar. La normativa puertas<\/p>\n\t\t<\/div>\n\t\t\n\t\t<a class=\"elementor-post__read-more\" href=\"https:\/\/magosasl.es\/blog\/2024\/07\/09\/normativa-para-las-puertas-de-entrada-a-viviendas\/\" aria-label=\"Read more about Normativa para las puertas de entrada a viviendas\" >\n\t\t\tLEER M\u00c1S.\t\t<\/a>\n\n\t\t\t\t<\/div>\n\t\t\t\t<\/article>\n\t\t\t\t<article class=\"elementor-post elementor-grid-item post-2648 post type-post status-publish format-standard has-post-thumbnail hentry category-blog\">\n\t\t\t\t<a class=\"elementor-post__thumbnail__link\" href=\"https:\/\/magosasl.es\/blog\/2016\/09\/02\/nuevo-tgb-en-el-centro-comercial-la-sierra\/\" >\n\t\t\t<div class=\"elementor-post__thumbnail\"><img loading=\"lazy\" decoding=\"async\" width=\"300\" height=\"225\" src=\"https:\/\/magosasl.es\/blog\/wp-content\/uploads\/2016\/09\/magosa14-300x225.jpg\" class=\"attachment-medium size-medium wp-image-2653\" alt=\"\" srcset=\"https:\/\/magosasl.es\/blog\/wp-content\/uploads\/2016\/09\/magosa14-300x225.jpg 300w, https:\/\/magosasl.es\/blog\/wp-content\/uploads\/2016\/09\/magosa14-1024x768.jpg 1024w, https:\/\/magosasl.es\/blog\/wp-content\/uploads\/2016\/09\/magosa14-768x576.jpg 768w, https:\/\/magosasl.es\/blog\/wp-content\/uploads\/2016\/09\/magosa14.jpg 1280w\" sizes=\"(max-width: 300px) 100vw, 300px\" \/><\/div>\n\t\t<\/a>\n\t\t\t\t<div class=\"elementor-post__text\">\n\t\t\t\t<h3 class=\"elementor-post__title\">\n\t\t\t<a href=\"https:\/\/magosasl.es\/blog\/2016\/09\/02\/nuevo-tgb-en-el-centro-comercial-la-sierra\/\" >\n\t\t\t\tNuevo TGB en el Centro comercial La Sierra\t\t\t<\/a>\n\t\t<\/h3>\n\t\t\t\t<div class=\"elementor-post__meta-data\">\n\t\t\t\t\t<span class=\"elementor-post-date\">\n\t\t\t2 de septiembre de 2016\t\t<\/span>\n\t\t\t\t<span class=\"elementor-post-avatar\">\n\t\t\tNo hay comentarios\t\t<\/span>\n\t\t\t\t<\/div>\n\t\t\t\t<div class=\"elementor-post__excerpt\">\n\t\t\t<p>\u00bfSab\u00edas que somos los responsables de la construcci\u00f3n del nuevo\u00a0TGB en C\u00f3rdoba en el Centro comercial La Sierra? Te invitamos a visitarlo.<\/p>\n\t\t<\/div>\n\t\t\n\t\t<a class=\"elementor-post__read-more\" href=\"https:\/\/magosasl.es\/blog\/2016\/09\/02\/nuevo-tgb-en-el-centro-comercial-la-sierra\/\" aria-label=\"Read more about Nuevo TGB en el Centro comercial La Sierra\" >\n\t\t\tLEER M\u00c1S.\t\t<\/a>\n\n\t\t\t\t<\/div>\n\t\t\t\t<\/article>\n\t\t\t\t<article class=\"elementor-post elementor-grid-item post-2639 post type-post status-publish format-standard has-post-thumbnail hentry category-blog\">\n\t\t\t\t<a class=\"elementor-post__thumbnail__link\" href=\"https:\/\/magosasl.es\/blog\/2016\/09\/01\/nuevo-pub-en-fuengirola-con-instalacion-de-magosa\/\" >\n\t\t\t<div class=\"elementor-post__thumbnail\"><img loading=\"lazy\" decoding=\"async\" width=\"300\" height=\"169\" src=\"https:\/\/magosasl.es\/blog\/wp-content\/uploads\/2016\/09\/magosa5-300x169.jpg\" class=\"attachment-medium size-medium wp-image-2640\" alt=\"\" srcset=\"https:\/\/magosasl.es\/blog\/wp-content\/uploads\/2016\/09\/magosa5-300x169.jpg 300w, https:\/\/magosasl.es\/blog\/wp-content\/uploads\/2016\/09\/magosa5-1024x576.jpg 1024w, https:\/\/magosasl.es\/blog\/wp-content\/uploads\/2016\/09\/magosa5-768x432.jpg 768w, https:\/\/magosasl.es\/blog\/wp-content\/uploads\/2016\/09\/magosa5-1536x864.jpg 1536w, https:\/\/magosasl.es\/blog\/wp-content\/uploads\/2016\/09\/magosa5.jpg 1600w\" sizes=\"(max-width: 300px) 100vw, 300px\" \/><\/div>\n\t\t<\/a>\n\t\t\t\t<div class=\"elementor-post__text\">\n\t\t\t\t<h3 class=\"elementor-post__title\">\n\t\t\t<a href=\"https:\/\/magosasl.es\/blog\/2016\/09\/01\/nuevo-pub-en-fuengirola-con-instalacion-de-magosa\/\" >\n\t\t\t\tNuevo pub en Fuengirola con instalaci\u00f3n de Magosa\t\t\t<\/a>\n\t\t<\/h3>\n\t\t\t\t<div class=\"elementor-post__meta-data\">\n\t\t\t\t\t<span class=\"elementor-post-date\">\n\t\t\t1 de septiembre de 2016\t\t<\/span>\n\t\t\t\t<span class=\"elementor-post-avatar\">\n\t\t\tNo hay comentarios\t\t<\/span>\n\t\t\t\t<\/div>\n\t\t\t\t<div class=\"elementor-post__excerpt\">\n\t\t\t<p>As\u00ed ha quedado el nuevo pub en Fuengirola al que Magosa le ha hecho la instalaci\u00f3n.\u00a0Ve a visitarlo y descubre todo lo que podemos ofrecerte.<\/p>\n\t\t<\/div>\n\t\t\n\t\t<a class=\"elementor-post__read-more\" href=\"https:\/\/magosasl.es\/blog\/2016\/09\/01\/nuevo-pub-en-fuengirola-con-instalacion-de-magosa\/\" aria-label=\"Read more about Nuevo pub en Fuengirola con instalaci\u00f3n de Magosa\" >\n\t\t\tLEER M\u00c1S.\t\t<\/a>\n\n\t\t\t\t<\/div>\n\t\t\t\t<\/article>\n\t\t\t\t<article class=\"elementor-post elementor-grid-item post-2627 post type-post status-publish format-standard has-post-thumbnail hentry category-blog\">\n\t\t\t\t<a class=\"elementor-post__thumbnail__link\" href=\"https:\/\/magosasl.es\/blog\/2016\/09\/01\/instalacion-nuevo-deza-en-arroyo-del-moro\/\" >\n\t\t\t<div class=\"elementor-post__thumbnail\"><img loading=\"lazy\" decoding=\"async\" width=\"300\" height=\"225\" src=\"https:\/\/magosasl.es\/blog\/wp-content\/uploads\/2016\/09\/magosa8-300x225.jpg\" class=\"attachment-medium size-medium wp-image-2632\" alt=\"\" srcset=\"https:\/\/magosasl.es\/blog\/wp-content\/uploads\/2016\/09\/magosa8-300x225.jpg 300w, https:\/\/magosasl.es\/blog\/wp-content\/uploads\/2016\/09\/magosa8-1024x768.jpg 1024w, https:\/\/magosasl.es\/blog\/wp-content\/uploads\/2016\/09\/magosa8-768x576.jpg 768w, https:\/\/magosasl.es\/blog\/wp-content\/uploads\/2016\/09\/magosa8-1536x1152.jpg 1536w, https:\/\/magosasl.es\/blog\/wp-content\/uploads\/2016\/09\/magosa8.jpg 1600w\" sizes=\"(max-width: 300px) 100vw, 300px\" \/><\/div>\n\t\t<\/a>\n\t\t\t\t<div class=\"elementor-post__text\">\n\t\t\t\t<h3 class=\"elementor-post__title\">\n\t\t\t<a href=\"https:\/\/magosasl.es\/blog\/2016\/09\/01\/instalacion-nuevo-deza-en-arroyo-del-moro\/\" >\n\t\t\t\tInstalaci\u00f3n nuevo Deza en Arroyo del Moro\t\t\t<\/a>\n\t\t<\/h3>\n\t\t\t\t<div class=\"elementor-post__meta-data\">\n\t\t\t\t\t<span class=\"elementor-post-date\">\n\t\t\t1 de septiembre de 2016\t\t<\/span>\n\t\t\t\t<span class=\"elementor-post-avatar\">\n\t\t\tNo hay comentarios\t\t<\/span>\n\t\t\t\t<\/div>\n\t\t\t\t<div class=\"elementor-post__excerpt\">\n\t\t\t<p>Magosa ha comenzado ya la instalaci\u00f3n del nuevo Deza en Arroyo del Moro. Estamos deseando verlo terminado y que, por supuesto, guste. Ven a verlo<\/p>\n\t\t<\/div>\n\t\t\n\t\t<a class=\"elementor-post__read-more\" href=\"https:\/\/magosasl.es\/blog\/2016\/09\/01\/instalacion-nuevo-deza-en-arroyo-del-moro\/\" aria-label=\"Read more about Instalaci\u00f3n nuevo Deza en Arroyo del Moro\" >\n\t\t\tLEER M\u00c1S.\t\t<\/a>\n\n\t\t\t\t<\/div>\n\t\t\t\t<\/article>\n\t\t\t\t<article class=\"elementor-post elementor-grid-item post-1783 post type-post status-publish format-standard has-post-thumbnail hentry category-puertas\">\n\t\t\t\t<a class=\"elementor-post__thumbnail__link\" href=\"https:\/\/magosasl.es\/blog\/2014\/12\/14\/industriales\/\" >\n\t\t\t<div class=\"elementor-post__thumbnail\"><img loading=\"lazy\" decoding=\"async\" width=\"300\" height=\"91\" src=\"https:\/\/magosasl.es\/blog\/wp-content\/uploads\/2014\/12\/industriales2-300x91.jpg\" class=\"attachment-medium size-medium wp-image-1787\" alt=\"\" srcset=\"https:\/\/magosasl.es\/blog\/wp-content\/uploads\/2014\/12\/industriales2-300x91.jpg 300w, https:\/\/magosasl.es\/blog\/wp-content\/uploads\/2014\/12\/industriales2-1024x309.jpg 1024w, https:\/\/magosasl.es\/blog\/wp-content\/uploads\/2014\/12\/industriales2-768x232.jpg 768w, https:\/\/magosasl.es\/blog\/wp-content\/uploads\/2014\/12\/industriales2-1536x463.jpg 1536w, https:\/\/magosasl.es\/blog\/wp-content\/uploads\/2014\/12\/industriales2-2048x618.jpg 2048w\" sizes=\"(max-width: 300px) 100vw, 300px\" \/><\/div>\n\t\t<\/a>\n\t\t\t\t<div class=\"elementor-post__text\">\n\t\t\t\t<h3 class=\"elementor-post__title\">\n\t\t\t<a href=\"https:\/\/magosasl.es\/blog\/2014\/12\/14\/industriales\/\" >\n\t\t\t\tIndustriales\t\t\t<\/a>\n\t\t<\/h3>\n\t\t\t\t<div class=\"elementor-post__meta-data\">\n\t\t\t\t\t<span class=\"elementor-post-date\">\n\t\t\t14 de diciembre de 2014\t\t<\/span>\n\t\t\t\t<span class=\"elementor-post-avatar\">\n\t\t\tNo hay comentarios\t\t<\/span>\n\t\t\t\t<\/div>\n\t\t\t\t<div class=\"elementor-post__excerpt\">\n\t\t\t<p>En Magosa disponemos de una amplia variedad de puertas industriales. Cada una es fabricada a la medida que cada cliente desee, aqu\u00ed le mostramos algunas<\/p>\n\t\t<\/div>\n\t\t\n\t\t<a class=\"elementor-post__read-more\" href=\"https:\/\/magosasl.es\/blog\/2014\/12\/14\/industriales\/\" aria-label=\"Read more about Industriales\" >\n\t\t\tLEER M\u00c1S.\t\t<\/a>\n\n\t\t\t\t<\/div>\n\t\t\t\t<\/article>\n\t\t\t\t<\/div>\n\t\t\n\t\t\t\t<div class=\"e-load-more-anchor\" data-page=\"1\" data-max-page=\"9\" data-next-page=\"https:\/\/magosasl.es\/blog\/wp-json\/wp\/v2\/pages\/3948\/page\/2\/\"><\/div>\n\t\t\t\t<nav class=\"elementor-pagination\" aria-label=\"Pagination\">\n\t\t\t<span class=\"page-numbers prev\">&laquo;<\/span>\n<span aria-current=\"page\" class=\"page-numbers current\"><span class=\"elementor-screen-only\">Page<\/span>1<\/span>\n<a class=\"page-numbers\" href=\"https:\/\/magosasl.es\/blog\/wp-json\/wp\/v2\/pages\/3948\/page\/2\/\"><span class=\"elementor-screen-only\">Page<\/span>2<\/a>\n<a class=\"page-numbers\" href=\"https:\/\/magosasl.es\/blog\/wp-json\/wp\/v2\/pages\/3948\/page\/3\/\"><span class=\"elementor-screen-only\">Page<\/span>3<\/a>\n<a class=\"page-numbers\" href=\"https:\/\/magosasl.es\/blog\/wp-json\/wp\/v2\/pages\/3948\/page\/4\/\"><span class=\"elementor-screen-only\">Page<\/span>4<\/a>\n<a class=\"page-numbers\" href=\"https:\/\/magosasl.es\/blog\/wp-json\/wp\/v2\/pages\/3948\/page\/5\/\"><span class=\"elementor-screen-only\">Page<\/span>5<\/a>\n<a class=\"page-numbers next\" href=\"https:\/\/magosasl.es\/blog\/wp-json\/wp\/v2\/pages\/3948\/page\/2\/\">&raquo;<\/a>\t\t<\/nav>\n\t\t\t\t<\/div>\n\t\t\t\t<\/div>\n\t\t\t\t<div class=\"elementor-element elementor-element-a349655 elementor-widget elementor-widget-html\" data-id=\"a349655\" data-element_type=\"widget\" data-widget_type=\"html.default\">\n\t\t\t\t<div class=\"elementor-widget-container\">\n\t\t\t<script>\n  \/\/\n  \/\/  Fecha\n  \/\/\n  $fechas=document.querySelectorAll(\".elementor-post-date\");        \n    $fechas.forEach((el) =>\n    {\n      \/\/ Obtenemos el dia\n      $dia=\"0\"+el.textContent.trim().substring(0,2);       \n    $dia=$dia.substring(0,2);       \n        \/\/ Obtenenmos el nombre del mes\n      $mes=el.textContent.trim().substring(\n        el.textContent.trim().indexOf('d')+3, \n        el.textContent.trim().length-8);\n      \/\/ recortamos el mes a 4 y en mayusculas caracteres\n      $mes=$mes.toUpperCase().substr(0,3)\n      \n      el.innerHTML=\"<span class='mes'>\" + $dia + \"<\/span><\/br>\" +$mes;\n    });    \n\n\n<\/script>\t\t<\/div>\n\t\t\t\t<\/div>\n\t\t\t\t\t<\/div>\n\t\t<\/div>\n\t\t\t\t\t\t\t<\/div>\n\t\t<\/section>\n\t\t\t\t\t\t\t<\/div>\n\t\t","protected":false},"excerpt":{"rendered":"","protected":false},"author":1,"featured_media":0,"parent":0,"menu_order":0,"comment_status":"closed","ping_status":"closed","template":"","meta":{"footnotes":""},"_links":{"self":[{"href":"https:\/\/magosasl.es\/blog\/wp-json\/wp\/v2\/pages\/3948"}],"collection":[{"href":"https:\/\/magosasl.es\/blog\/wp-json\/wp\/v2\/pages"}],"about":[{"href":"https:\/\/magosasl.es\/blog\/wp-json\/wp\/v2\/types\/page"}],"author":[{"embeddable":true,"href":"https:\/\/magosasl.es\/blog\/wp-json\/wp\/v2\/users\/1"}],"replies":[{"embeddable":true,"href":"https:\/\/magosasl.es\/blog\/wp-json\/wp\/v2\/comments?post=3948"}],"version-history":[{"count":22,"href":"https:\/\/magosasl.es\/blog\/wp-json\/wp\/v2\/pages\/3948\/revisions"}],"predecessor-version":[{"id":4011,"href":"https:\/\/magosasl.es\/blog\/wp-json\/wp\/v2\/pages\/3948\/revisions\/4011"}],"wp:attachment":[{"href":"https:\/\/magosasl.es\/blog\/wp-json\/wp\/v2\/media?parent=3948"}],"curies":[{"name":"wp","href":"https:\/\/api.w.org\/{rel}","templated":true}]}}