{"id":4100,"date":"2023-03-24T10:25:13","date_gmt":"2023-03-24T10:25:13","guid":{"rendered":"https:\/\/magosasl.es\/blog\/?page_id=4100"},"modified":"2023-03-24T10:25:14","modified_gmt":"2023-03-24T10:25:14","slug":"accesibilidad","status":"publish","type":"page","link":"https:\/\/magosasl.es\/blog\/accesibilidad\/","title":{"rendered":"Accesibilidad"},"content":{"rendered":"\n<h3 class=\"wp-block-heading\">Declaraci\u00f3n de Accesibilidad<\/h3>\n\n\n\n<p>La empresa Canfer Emprende SL en nombre de la marca comercial Magosa S.L. se ha comprometido en realizar accesible su sitio web.<br>La presente declaraci\u00f3n de accesibilidad se aplica al sitio web https:\/\/magosasl.es\/:<\/p>\n\n\n\n<h5 class=\"wp-block-heading\">SITUACI\u00d3N DE CUMPLIMIENTO<\/h5>\n\n\n\n<p>Este sitio web es parcialmente conforme con el RD 1112\/2018 debido a las excepciones y a la falta de conformidad de los aspectos que se indican en el siguiente punto.<\/p>\n\n\n\n<h5 class=\"wp-block-heading\">CONTENIDO NO ACCESIBLE<\/h5>\n\n\n\n<p>El contenido que se recoge a continuaci\u00f3n no es accesible por lo siguiente:<\/p>\n\n\n\n<ul>\n<li>Falta de conformidad con el RD 1112\/2018<\/li>\n<\/ul>\n\n\n\n<p>Existe contenido audiovisual que no incluye audio descripci\u00f3n o medio alternativo [Requisito n\u00famero 1.2.3 Audiodescripci\u00f3n o medio alternativo] y audiodescripcion grabada [Requisito 1.2.5 Audiodescripci\u00f3n (Grabado)].<\/p>\n\n\n\n<p>Podr\u00edan existir errores de c\u00f3digo puntuales de edici\u00f3n en alguna p\u00e1gina web. [4.1.1 Procesamiento]<\/p>\n\n\n\n<p>Podr\u00edan existir algunos componentes de la interfaz de usuario que no se encuentren etiquetados correctamente. [4.1.2 Nombre, funci\u00f3n, valor]<\/p>\n\n\n\n<ul>\n<li>Carga desproporcionada<\/li>\n<\/ul>\n\n\n\n<p>No aplica.<\/p>\n\n\n\n<ul>\n<li>El contenido no entra dentro del \u00e1mbito de la legislaci\u00f3n aplicable<\/li>\n<\/ul>\n\n\n\n<p>Podr\u00edan existir archivos ofim\u00e1ticos en PDF u otros formatos publicados antes del 20 de septiembre de 2018 que no cumplan en su totalidad todos los requisitos de accesibilidad. Aunque se ha procurado que la mayor\u00eda de ellos s\u00ed lo cumplan.<\/p>\n\n\n\n<h5 class=\"wp-block-heading\">PREPARACI\u00d3N DE LA PRESENTE DECLARACI\u00d3N DE ACCESIBILIDAD<\/h5>\n\n\n\n<p>La presente declaraci\u00f3n fue preparada el 20 de Marzo 2023.<\/p>\n\n\n\n<p>El m\u00e9todo empleado para preparar la declaraci\u00f3n ha sido una autoevaluaci\u00f3n llevada a cabo.<\/p>\n\n\n\n<p>La Declaraci\u00f3n de Accesibilidad ha sido revisada y actualizada en Marzo de 2023.<\/p>\n\n\n\n<h5 class=\"wp-block-heading\">OBSERVACIONES Y DATOS DE CONTACTO<\/h5>\n\n\n\n<p>Puede realizar comunicaciones sobre requisitos de accesibilidad como por ejemplo:<\/p>\n\n\n\n<ul>\n<li>informar sobre cualquier posible incumplimiento por parte de este sitio web<\/li>\n\n\n\n<li>transmitir otras dificultades de acceso al contenido<\/li>\n\n\n\n<li>formular cualquier otra consulta o sugerencia de mejora relativa a la accesibilidad del sitio web<\/li>\n<\/ul>\n\n\n\n<p>a trav\u00e9s del formulario de contacto de este sitio web.<\/p>\n\n\n\n<p>Puede presentar:<\/p>\n\n\n\n<ul>\n<li><strong>Queja<\/strong>&nbsp;relativa al cumplimiento de los requisitos<\/li>\n\n\n\n<li><strong>Solicitud de Informaci\u00f3n accesible<\/strong><\/li>\n\n\n\n<li>Contenidos que est\u00e1n exentos del cumplimiento de los requisitos de accesibilidad por imponer una carga desproporcionada<\/li>\n<\/ul>\n\n\n\n<p>En la Solicitud de informaci\u00f3n accesible, se debe concretar, con toda claridad, los hechos, razones y petici\u00f3n que permitan constatar que se trata de una solicitud razonable y leg\u00edtima.<\/p>\n\n\n\n<h5 class=\"wp-block-heading\">CONTENIDO OPCIONAL<\/h5>\n\n\n\n<p>Este portal est\u00e1 dise\u00f1ado para poder cambiar el tama\u00f1o del texto y el color, as\u00ed como el fondo de la p\u00e1gina mediante las opciones de configuraci\u00f3n est\u00e1ndar de los navegadores.<\/p>\n\n\n\n<p>Si desea cambiar el tama\u00f1o de letra del texto en los principales navegadores gr\u00e1ficos utilice los siguientes men\u00fas:<\/p>\n\n\n\n<ul>\n<li>Internet Explorer, Mozilla y Firefox: Ver &gt; Tama\u00f1o del texto<\/li>\n\n\n\n<li>Opera: Ver &gt; Zoom<\/li>\n\n\n\n<li>Safari: Ver &gt; Hacer el texto m\u00e1s grande<\/li>\n\n\n\n<li>Chrome: Controla la p\u00e1gina actual &gt; Tama\u00f1o del texto<\/li>\n\n\n\n<li>Para modificar el tama\u00f1o de todo en la p\u00e1gina:\n<ul>\n<li>Ctrl + + para aumentarlo<\/li>\n\n\n\n<li>Ctrl + \u2013 para disminuirlo<\/li>\n\n\n\n<li>Ctrl + 0 restaura el tama\u00f1o original del texto<\/li>\n\n\n\n<li>Si lo que quiere es anular la hoja de estilos o modificar el color del texto, puede consultar la p\u00e1gina How to Change Text Size or Colors de la WAI, que se puede leer traducida al espa\u00f1ol en \u00bfC\u00f3mo cambiar el tama\u00f1o del texto o colores?<\/li>\n<\/ul>\n<\/li>\n<\/ul>\n","protected":false},"excerpt":{"rendered":"<p>Declaraci\u00f3n de Accesibilidad La empresa Canfer Emprende SL en nombre de la marca comercial Magosa S.L. se ha comprometido en realizar accesible su sitio web.La presente declaraci\u00f3n de accesibilidad se aplica al sitio web https:\/\/magosasl.es\/: SITUACI\u00d3N DE CUMPLIMIENTO Este sitio web es parcialmente conforme con el RD 1112\/2018 debido a las excepciones y a la &#8230; <a title=\"Accesibilidad\" class=\"read-more\" href=\"https:\/\/magosasl.es\/blog\/accesibilidad\/\" aria-label=\"M\u00e1s en Accesibilidad\">Leer m\u00e1s<\/a><\/p>\n","protected":false},"author":1,"featured_media":0,"parent":0,"menu_order":0,"comment_status":"closed","ping_status":"closed","template":"","meta":{"footnotes":""},"_links":{"self":[{"href":"https:\/\/magosasl.es\/blog\/wp-json\/wp\/v2\/pages\/4100"}],"collection":[{"href":"https:\/\/magosasl.es\/blog\/wp-json\/wp\/v2\/pages"}],"about":[{"href":"https:\/\/magosasl.es\/blog\/wp-json\/wp\/v2\/types\/page"}],"author":[{"embeddable":true,"href":"https:\/\/magosasl.es\/blog\/wp-json\/wp\/v2\/users\/1"}],"replies":[{"embeddable":true,"href":"https:\/\/magosasl.es\/blog\/wp-json\/wp\/v2\/comments?post=4100"}],"version-history":[{"count":1,"href":"https:\/\/magosasl.es\/blog\/wp-json\/wp\/v2\/pages\/4100\/revisions"}],"predecessor-version":[{"id":4101,"href":"https:\/\/magosasl.es\/blog\/wp-json\/wp\/v2\/pages\/4100\/revisions\/4101"}],"wp:attachment":[{"href":"https:\/\/magosasl.es\/blog\/wp-json\/wp\/v2\/media?parent=4100"}],"curies":[{"name":"wp","href":"https:\/\/api.w.org\/{rel}","templated":true}]}}